{"id":1537,"date":"2024-08-13T21:05:25","date_gmt":"2024-08-13T21:05:25","guid":{"rendered":"https:\/\/medialunaspoint.com.ar\/?page_id=1537"},"modified":"2025-02-11T14:24:07","modified_gmt":"2025-02-11T14:24:07","slug":"home2","status":"publish","type":"page","link":"https:\/\/medialunaspoint.com.ar\/","title":{"rendered":"HOME2"},"content":{"rendered":"\t\t<div data-elementor-type=\"wp-page\" data-elementor-id=\"1537\" class=\"elementor elementor-1537\" data-elementor-post-type=\"page\">\n\t\t\t\t<div class=\"elementor-element elementor-element-a3ebc36 e-con-full elementor-hidden-mobile e-flex e-con e-parent\" data-id=\"a3ebc36\" data-element_type=\"container\" data-e-type=\"container\">\n\t\t<div class=\"elementor-element elementor-element-ba8dade e-con-full e-flex e-con e-child\" data-id=\"ba8dade\" data-element_type=\"container\" data-e-type=\"container\">\n\t\t\t\t<div class=\"elementor-element elementor-element-f6de37a elementor-widget elementor-widget-text-editor\" data-id=\"f6de37a\" data-element_type=\"widget\" data-e-type=\"widget\" data-widget_type=\"text-editor.default\">\n\t\t\t\t<div class=\"elementor-widget-container\">\n\t\t\t\t\t\t\t\t\t<p>Un proyecto familiar<\/p>\t\t\t\t\t\t\t\t<\/div>\n\t\t\t\t<\/div>\n\t\t\t\t<div class=\"elementor-element elementor-element-43e08e9 elementor-widget elementor-widget-text-editor\" data-id=\"43e08e9\" data-element_type=\"widget\" data-e-type=\"widget\" data-widget_type=\"text-editor.default\">\n\t\t\t\t<div class=\"elementor-widget-container\">\n\t\t\t\t\t\t\t\t\t<p>acompa\u00f1ado de grandes amigos<\/p>\t\t\t\t\t\t\t\t<\/div>\n\t\t\t\t<\/div>\n\t\t\t\t<div class=\"elementor-element elementor-element-aabcb36 elementor-widget-divider--view-line elementor-widget elementor-widget-divider\" data-id=\"aabcb36\" data-element_type=\"widget\" data-e-type=\"widget\" data-widget_type=\"divider.default\">\n\t\t\t\t<div class=\"elementor-widget-container\">\n\t\t\t\t\t\t\t<div class=\"elementor-divider\">\n\t\t\t<span class=\"elementor-divider-separator\">\n\t\t\t\t\t\t<\/span>\n\t\t<\/div>\n\t\t\t\t\t\t<\/div>\n\t\t\t\t<\/div>\n\t\t\t\t<\/div>\n\t\t<div class=\"elementor-element elementor-element-57fc8f4 e-con-full e-flex e-con e-child\" data-id=\"57fc8f4\" data-element_type=\"container\" data-e-type=\"container\">\n\t\t\t\t<div class=\"elementor-element elementor-element-9de0129 elementor-widget elementor-widget-image\" data-id=\"9de0129\" data-element_type=\"widget\" data-e-type=\"widget\" data-widget_type=\"image.default\">\n\t\t\t\t<div class=\"elementor-widget-container\">\n\t\t\t\t\t\t\t\t\t\t\t\t\t\t\t<img fetchpriority=\"high\" decoding=\"async\" width=\"761\" height=\"747\" src=\"https:\/\/medialunaspoint.com.ar\/wp-content\/uploads\/2024\/08\/banner2-1.png\" class=\"attachment-large size-large wp-image-1674\" alt=\"\" srcset=\"https:\/\/medialunaspoint.com.ar\/wp-content\/uploads\/2024\/08\/banner2-1.png 761w, https:\/\/medialunaspoint.com.ar\/wp-content\/uploads\/2024\/08\/banner2-1-300x294.png 300w\" sizes=\"(max-width: 761px) 100vw, 761px\" \/>\t\t\t\t\t\t\t\t\t\t\t\t\t\t\t<\/div>\n\t\t\t\t<\/div>\n\t\t\t\t<\/div>\n\t\t\t\t<\/div>\n\t\t<div class=\"elementor-element elementor-element-7e27896 e-con-full elementor-hidden-desktop elementor-hidden-tablet e-flex e-con e-parent\" data-id=\"7e27896\" data-element_type=\"container\" data-e-type=\"container\" data-settings=\"{&quot;background_background&quot;:&quot;classic&quot;}\">\n\t\t<div class=\"elementor-element elementor-element-7b9a395 e-con-full e-flex e-con e-child\" data-id=\"7b9a395\" data-element_type=\"container\" data-e-type=\"container\">\n\t\t\t\t<div class=\"elementor-element elementor-element-85d5d90 elementor-widget elementor-widget-text-editor\" data-id=\"85d5d90\" data-element_type=\"widget\" data-e-type=\"widget\" data-widget_type=\"text-editor.default\">\n\t\t\t\t<div class=\"elementor-widget-container\">\n\t\t\t\t\t\t\t\t\t<p>Un proyecto familiar<\/p>\t\t\t\t\t\t\t\t<\/div>\n\t\t\t\t<\/div>\n\t\t\t\t<div class=\"elementor-element elementor-element-da0e664 elementor-widget elementor-widget-text-editor\" data-id=\"da0e664\" data-element_type=\"widget\" data-e-type=\"widget\" data-widget_type=\"text-editor.default\">\n\t\t\t\t<div class=\"elementor-widget-container\">\n\t\t\t\t\t\t\t\t\t<p>Acompa\u00f1ado de grandes amigos<\/p>\t\t\t\t\t\t\t\t<\/div>\n\t\t\t\t<\/div>\n\t\t\t\t<\/div>\n\t\t\t\t<\/div>\n\t\t<div class=\"elementor-element elementor-element-1cf791a e-flex e-con-boxed e-con e-parent\" data-id=\"1cf791a\" data-element_type=\"container\" data-e-type=\"container\">\n\t\t\t\t\t<div class=\"e-con-inner\">\n\t\t<div class=\"elementor-element elementor-element-e96d1ea e-con-full e-flex e-con e-child\" data-id=\"e96d1ea\" data-element_type=\"container\" data-e-type=\"container\" data-settings=\"{&quot;background_background&quot;:&quot;classic&quot;}\">\n\t\t\t\t<div class=\"elementor-element elementor-element-4f1b747 elementor-widget elementor-widget-text-editor\" data-id=\"4f1b747\" data-element_type=\"widget\" data-e-type=\"widget\" data-widget_type=\"text-editor.default\">\n\t\t\t\t<div class=\"elementor-widget-container\">\n\t\t\t\t\t\t\t\t\t<p>Desde hace muchos a\u00f1os que trabajamos en el mundo gastron\u00f3mico y llego el momento<br \/>reinventarnos.<br \/>Proponemos una panaderia y confiteria totalmente contempor\u00e1nea y moderna ateni\u00e9ndonos<br \/>a nuestras tradiciones bien argentinas y tradicionales.<br \/>Tenemos en cuenta a nuestro publico y estamos atentos al contexto que nos rodea para<br \/>poder seguir compartiendo la mesa de los argentinos.<\/p>\t\t\t\t\t\t\t\t<\/div>\n\t\t\t\t<\/div>\n\t\t\t\t<\/div>\n\t\t\t\t\t<\/div>\n\t\t\t\t<\/div>\n\t\t<div class=\"elementor-element elementor-element-ee6e99b e-flex e-con-boxed e-con e-parent\" data-id=\"ee6e99b\" data-element_type=\"container\" data-e-type=\"container\" data-settings=\"{&quot;background_background&quot;:&quot;classic&quot;}\">\n\t\t\t\t\t<div class=\"e-con-inner\">\n\t\t<div class=\"elementor-element elementor-element-89fdd75 e-con-full e-flex e-con e-child\" data-id=\"89fdd75\" data-element_type=\"container\" data-e-type=\"container\">\n\t\t\t\t<div class=\"elementor-element elementor-element-daa9e0f elementor-widget__width-initial elementor-widget elementor-widget-text-editor\" data-id=\"daa9e0f\" data-element_type=\"widget\" data-e-type=\"widget\" data-widget_type=\"text-editor.default\">\n\t\t\t\t<div class=\"elementor-widget-container\">\n\t\t\t\t\t\t\t\t\t<p>SOMOS<\/p>\t\t\t\t\t\t\t\t<\/div>\n\t\t\t\t<\/div>\n\t\t\t\t<\/div>\n\t\t<div class=\"elementor-element elementor-element-3ffb82b e-con-full e-flex e-con e-child\" data-id=\"3ffb82b\" data-element_type=\"container\" data-e-type=\"container\">\n\t\t\t\t<div class=\"elementor-element elementor-element-1bbd3ef elementor-widget elementor-widget-text-editor\" data-id=\"1bbd3ef\" data-element_type=\"widget\" data-e-type=\"widget\" data-widget_type=\"text-editor.default\">\n\t\t\t\t<div class=\"elementor-widget-container\">\n\t\t\t\t\t\t\t\t\t<p>POINT<\/p>\t\t\t\t\t\t\t\t<\/div>\n\t\t\t\t<\/div>\n\t\t\t\t<\/div>\n\t\t\t\t\t<\/div>\n\t\t\t\t<\/div>\n\t\t<div class=\"elementor-element elementor-element-6a71d88 e-flex e-con-boxed e-con e-parent\" data-id=\"6a71d88\" data-element_type=\"container\" data-e-type=\"container\" data-settings=\"{&quot;background_background&quot;:&quot;classic&quot;}\">\n\t\t\t\t\t<div class=\"e-con-inner\">\n\t\t<div class=\"elementor-element elementor-element-6e1fbb9 e-con-full e-flex e-con e-child\" data-id=\"6e1fbb9\" data-element_type=\"container\" data-e-type=\"container\">\n\t\t\t\t<\/div>\n\t\t<div class=\"elementor-element elementor-element-80d2a22 e-con-full e-flex e-con e-child\" data-id=\"80d2a22\" data-element_type=\"container\" data-e-type=\"container\">\n\t\t\t\t<div class=\"elementor-element elementor-element-42d6f85 elementor-widget elementor-widget-text-editor\" data-id=\"42d6f85\" data-element_type=\"widget\" data-e-type=\"widget\" data-widget_type=\"text-editor.default\">\n\t\t\t\t<div class=\"elementor-widget-container\">\n\t\t\t\t\t\t\t\t\t<p>Encontr\u00e1 tu sucursal m\u00e1s cercana<\/p>\t\t\t\t\t\t\t\t<\/div>\n\t\t\t\t<\/div>\n\t\t\t\t<div class=\"elementor-element elementor-element-d342896 elementor-widget elementor-widget-text-editor\" data-id=\"d342896\" data-element_type=\"widget\" data-e-type=\"widget\" data-widget_type=\"text-editor.default\">\n\t\t\t\t<div class=\"elementor-widget-container\">\n\t\t\t\t\t\t\t\t\t<p>Tenemos una cara visible muy c\u00e1lida y moderna para que nuestros clientes se sientan a gusto al momento de elegirnos, pero no olvides, no solo van a volver por nuestro aspecto visible sino por la calidad con los productos que trabajamos.<\/p>\t\t\t\t\t\t\t\t<\/div>\n\t\t\t\t<\/div>\n\t\t\t\t<\/div>\n\t\t\t\t\t<\/div>\n\t\t\t\t<\/div>\n\t\t<div class=\"elementor-element elementor-element-287585a e-flex e-con-boxed e-con e-parent\" data-id=\"287585a\" data-element_type=\"container\" data-e-type=\"container\" data-settings=\"{&quot;background_background&quot;:&quot;classic&quot;}\">\n\t\t\t\t\t<div class=\"e-con-inner\">\n\t\t<div class=\"elementor-element elementor-element-1d790db e-con-full e-flex e-con e-child\" data-id=\"1d790db\" data-element_type=\"container\" data-e-type=\"container\">\n\t\t\t\t<div class=\"elementor-element elementor-element-b28b369 elementor-widget elementor-widget-image\" data-id=\"b28b369\" data-element_type=\"widget\" data-e-type=\"widget\" data-widget_type=\"image.default\">\n\t\t\t\t<div class=\"elementor-widget-container\">\n\t\t\t\t\t\t\t\t\t\t\t\t\t\t\t<img decoding=\"async\" width=\"1000\" height=\"700\" src=\"https:\/\/medialunaspoint.com.ar\/wp-content\/uploads\/2024\/08\/Fondo-2.jpg\" class=\"attachment-full size-full wp-image-1767\" alt=\"\" srcset=\"https:\/\/medialunaspoint.com.ar\/wp-content\/uploads\/2024\/08\/Fondo-2.jpg 1000w, https:\/\/medialunaspoint.com.ar\/wp-content\/uploads\/2024\/08\/Fondo-2-300x210.jpg 300w, https:\/\/medialunaspoint.com.ar\/wp-content\/uploads\/2024\/08\/Fondo-2-768x538.jpg 768w\" sizes=\"(max-width: 1000px) 100vw, 1000px\" \/>\t\t\t\t\t\t\t\t\t\t\t\t\t\t\t<\/div>\n\t\t\t\t<\/div>\n\t\t\t\t<\/div>\n\t\t<div class=\"elementor-element elementor-element-e221bba e-con-full elementor-hidden-mobile e-flex e-con e-child\" data-id=\"e221bba\" data-element_type=\"container\" data-e-type=\"container\">\n\t\t\t\t<div class=\"elementor-element elementor-element-54f8f9a elementor-widget elementor-widget-image\" data-id=\"54f8f9a\" data-element_type=\"widget\" data-e-type=\"widget\" data-widget_type=\"image.default\">\n\t\t\t\t<div class=\"elementor-widget-container\">\n\t\t\t\t\t\t\t\t\t\t\t\t\t\t\t<img decoding=\"async\" width=\"650\" height=\"450\" src=\"https:\/\/medialunaspoint.com.ar\/wp-content\/uploads\/2024\/08\/GALERIA4.jpg\" class=\"attachment-full size-full wp-image-1800\" alt=\"\" srcset=\"https:\/\/medialunaspoint.com.ar\/wp-content\/uploads\/2024\/08\/GALERIA4.jpg 650w, https:\/\/medialunaspoint.com.ar\/wp-content\/uploads\/2024\/08\/GALERIA4-300x208.jpg 300w\" sizes=\"(max-width: 650px) 100vw, 650px\" \/>\t\t\t\t\t\t\t\t\t\t\t\t\t\t\t<\/div>\n\t\t\t\t<\/div>\n\t\t\t\t<\/div>\n\t\t\t\t\t<\/div>\n\t\t\t\t<\/div>\n\t\t<div class=\"elementor-element elementor-element-7cfa163 e-flex e-con-boxed e-con e-parent\" data-id=\"7cfa163\" data-element_type=\"container\" data-e-type=\"container\" data-settings=\"{&quot;background_background&quot;:&quot;classic&quot;}\">\n\t\t\t\t\t<div class=\"e-con-inner\">\n\t\t<div class=\"elementor-element elementor-element-3bdf2c3 e-con-full elementor-hidden-mobile e-flex e-con e-child\" data-id=\"3bdf2c3\" data-element_type=\"container\" data-e-type=\"container\">\n\t\t\t\t<\/div>\n\t\t<div class=\"elementor-element elementor-element-5de0ba6 e-con-full e-flex e-con e-child\" data-id=\"5de0ba6\" data-element_type=\"container\" data-e-type=\"container\">\n\t\t\t\t<div class=\"elementor-element elementor-element-15ecca1 elementor-align-left elementor-widget-mobile__width-initial elementor-widget elementor-widget-elementskit-button\" data-id=\"15ecca1\" data-element_type=\"widget\" data-e-type=\"widget\" data-widget_type=\"elementskit-button.default\">\n\t\t\t\t<div class=\"elementor-widget-container\">\n\t\t\t\t\t<div class=\"ekit-wid-con\" >\t\t<div class=\"ekit-btn-wraper\">\n\t\t\t\t\t\t\t<a href=\"https:\/\/medialunaspoint.com.ar\/?page_id=1545\" class=\"elementskit-btn  whitespace--normal\" id=\"\">\n\t\t\t\t\tQuiero ver las tiendas\t\t\t\t<\/a>\n\t\t\t\t\t<\/div>\n        <\/div>\t\t\t\t<\/div>\n\t\t\t\t<\/div>\n\t\t\t\t<div class=\"elementor-element elementor-element-78995ee elementor-align-left elementor-widget-mobile__width-initial elementor-widget elementor-widget-elementskit-button\" data-id=\"78995ee\" data-element_type=\"widget\" data-e-type=\"widget\" data-widget_type=\"elementskit-button.default\">\n\t\t\t\t<div class=\"elementor-widget-container\">\n\t\t\t\t\t<div class=\"ekit-wid-con\" >\t\t<div class=\"ekit-btn-wraper\">\n\t\t\t\t\t\t\t<a href=\"https:\/\/medialunaspoint.com.ar\/?page_id=1543\" class=\"elementskit-btn  whitespace--normal\" id=\"\">\n\t\t\t\t\tQuiero franquiciar\t\t\t\t<\/a>\n\t\t\t\t\t<\/div>\n        <\/div>\t\t\t\t<\/div>\n\t\t\t\t<\/div>\n\t\t\t\t<\/div>\n\t\t\t\t\t<\/div>\n\t\t\t\t<\/div>\n\t\t<div class=\"elementor-element elementor-element-ce740b0 e-flex e-con-boxed e-con e-parent\" data-id=\"ce740b0\" data-element_type=\"container\" data-e-type=\"container\">\n\t\t\t\t\t<div class=\"e-con-inner\">\n\t\t<div class=\"elementor-element elementor-element-bb66300 e-con-full e-flex e-con e-child\" data-id=\"bb66300\" data-element_type=\"container\" data-e-type=\"container\">\n\t\t\t\t<div class=\"elementor-element elementor-element-a55f591 elementor-widget elementor-widget-video\" data-id=\"a55f591\" data-element_type=\"widget\" data-e-type=\"widget\" data-settings=\"{&quot;video_type&quot;:&quot;hosted&quot;,&quot;autoplay&quot;:&quot;yes&quot;,&quot;mute&quot;:&quot;yes&quot;,&quot;loop&quot;:&quot;yes&quot;}\" data-widget_type=\"video.default\">\n\t\t\t\t<div class=\"elementor-widget-container\">\n\t\t\t\t\t\t\t<div class=\"e-hosted-video elementor-wrapper elementor-open-inline\">\n\t\t\t\t\t<video class=\"elementor-video\" src=\"https:\/\/medialunaspoint.com.ar\/wp-content\/uploads\/2021\/03\/institucional.mp4\" autoplay=\"\" loop=\"\" muted=\"muted\" controlsList=\"nodownload\"><\/video>\n\t\t\t\t<\/div>\n\t\t\t\t\t\t<\/div>\n\t\t\t\t<\/div>\n\t\t\t\t<\/div>\n\t\t<div class=\"elementor-element elementor-element-a7dc9da e-con-full e-flex e-con e-child\" data-id=\"a7dc9da\" data-element_type=\"container\" data-e-type=\"container\">\n\t\t\t\t<div class=\"elementor-element elementor-element-8ede349 elementor-widget elementor-widget-text-editor\" data-id=\"8ede349\" data-element_type=\"widget\" data-e-type=\"widget\" data-widget_type=\"text-editor.default\">\n\t\t\t\t<div class=\"elementor-widget-container\">\n\t\t\t\t\t\t\t\t\t<p>Lo mas importante para nosotros es mantener lo casero y tradicional en nuestros productos, eso si, a un precio ejemplar.<\/p>\t\t\t\t\t\t\t\t<\/div>\n\t\t\t\t<\/div>\n\t\t\t\t<div class=\"elementor-element elementor-element-3b83fef elementor-widget elementor-widget-text-editor\" data-id=\"3b83fef\" data-element_type=\"widget\" data-e-type=\"widget\" data-widget_type=\"text-editor.default\">\n\t\t\t\t<div class=\"elementor-widget-container\">\n\t\t\t\t\t\t\t\t\t<p>Gracias a nuestra planta de la elaboraci\u00f3n propia podemos lograrlo a traves de metodos artesanales y utilizando las mejores<br \/>materias primas, para asi poder asegurar la mejor calidad en nuestros productos.<\/p>\t\t\t\t\t\t\t\t<\/div>\n\t\t\t\t<\/div>\n\t\t\t\t<div class=\"elementor-element elementor-element-c4029e0 elementor-align-left elementor-align--mobilecenter elementor-widget elementor-widget-elementskit-button\" data-id=\"c4029e0\" data-element_type=\"widget\" data-e-type=\"widget\" data-widget_type=\"elementskit-button.default\">\n\t\t\t\t<div class=\"elementor-widget-container\">\n\t\t\t\t\t<div class=\"ekit-wid-con\" >\t\t<div class=\"ekit-btn-wraper\">\n\t\t\t\t\t\t\t<a href=\"https:\/\/medialunaspoint.com.ar\/?page_id=1547\" class=\"elementskit-btn  whitespace--normal\" id=\"\">\n\t\t\t\t\tver nuestros productos\t\t\t\t<\/a>\n\t\t\t\t\t<\/div>\n        <\/div>\t\t\t\t<\/div>\n\t\t\t\t<\/div>\n\t\t\t\t<\/div>\n\t\t\t\t\t<\/div>\n\t\t\t\t<\/div>\n\t\t<div class=\"elementor-element elementor-element-5b34f18 e-con-full e-flex e-con e-parent\" data-id=\"5b34f18\" data-element_type=\"container\" data-e-type=\"container\">\n\t\t<div class=\"elementor-element elementor-element-f24fb88 e-con-full e-flex e-con e-child\" data-id=\"f24fb88\" data-element_type=\"container\" data-e-type=\"container\" data-settings=\"{&quot;background_background&quot;:&quot;classic&quot;}\">\n\t\t\t\t<\/div>\n\t\t\t\t<\/div>\n\t\t\t\t<\/div>\n\t\t","protected":false},"excerpt":{"rendered":"<p>Un proyecto familiar acompa\u00f1ado de grandes amigos Un proyecto familiar Acompa\u00f1ado de grandes amigos Desde hace muchos a\u00f1os que trabajamos en el mundo gastron\u00f3mico y llego el momentoreinventarnos.Proponemos una panaderia y confiteria totalmente contempor\u00e1nea y moderna ateni\u00e9ndonosa nuestras tradiciones bien argentinas y tradicionales.Tenemos en cuenta a nuestro publico y estamos atentos al contexto que nos [&hellip;]<\/p>\n","protected":false},"author":1,"featured_media":0,"parent":0,"menu_order":0,"comment_status":"closed","ping_status":"closed","template":"","meta":{"footnotes":""},"class_list":["post-1537","page","type-page","status-publish","hentry"],"yoast_head":"<!-- This site is optimized with the Yoast SEO plugin v27.1.1 - https:\/\/yoast.com\/product\/yoast-seo-wordpress\/ -->\n<title>HOME2 - Medialunas Point<\/title>\n<meta name=\"robots\" content=\"index, follow, max-snippet:-1, max-image-preview:large, max-video-preview:-1\" \/>\n<link rel=\"canonical\" href=\"https:\/\/medialunaspoint.com.ar\/\" \/>\n<meta property=\"og:locale\" content=\"es_ES\" \/>\n<meta property=\"og:type\" content=\"article\" \/>\n<meta property=\"og:title\" content=\"HOME2 - Medialunas Point\" \/>\n<meta property=\"og:description\" content=\"Un proyecto familiar acompa\u00f1ado de grandes amigos Un proyecto familiar Acompa\u00f1ado de grandes amigos Desde hace muchos a\u00f1os que trabajamos en el mundo gastron\u00f3mico y llego el momentoreinventarnos.Proponemos una panaderia y confiteria totalmente contempor\u00e1nea y moderna ateni\u00e9ndonosa nuestras tradiciones bien argentinas y tradicionales.Tenemos en cuenta a nuestro publico y estamos atentos al contexto que nos [&hellip;]\" \/>\n<meta property=\"og:url\" content=\"https:\/\/medialunaspoint.com.ar\/\" \/>\n<meta property=\"og:site_name\" content=\"Medialunas Point\" \/>\n<meta property=\"article:modified_time\" content=\"2025-02-11T14:24:07+00:00\" \/>\n<meta property=\"og:image\" content=\"https:\/\/medialunaspoint.com.ar\/wp-content\/uploads\/2024\/08\/banner2-1.png\" \/>\n\t<meta property=\"og:image:width\" content=\"761\" \/>\n\t<meta property=\"og:image:height\" content=\"747\" \/>\n\t<meta property=\"og:image:type\" content=\"image\/png\" \/>\n<meta name=\"twitter:card\" content=\"summary_large_image\" \/>\n<meta name=\"twitter:label1\" content=\"Tiempo de lectura\" \/>\n\t<meta name=\"twitter:data1\" content=\"2 minutos\" \/>\n<script type=\"application\/ld+json\" class=\"yoast-schema-graph\">{\"@context\":\"https:\/\/schema.org\",\"@graph\":[{\"@type\":\"WebPage\",\"@id\":\"https:\/\/medialunaspoint.com.ar\/\",\"url\":\"https:\/\/medialunaspoint.com.ar\/\",\"name\":\"HOME2 - Medialunas Point\",\"isPartOf\":{\"@id\":\"https:\/\/medialunaspoint.com.ar\/#website\"},\"primaryImageOfPage\":{\"@id\":\"https:\/\/medialunaspoint.com.ar\/#primaryimage\"},\"image\":{\"@id\":\"https:\/\/medialunaspoint.com.ar\/#primaryimage\"},\"thumbnailUrl\":\"https:\/\/medialunaspoint.com.ar\/wp-content\/uploads\/2024\/08\/banner2-1.png\",\"datePublished\":\"2024-08-13T21:05:25+00:00\",\"dateModified\":\"2025-02-11T14:24:07+00:00\",\"breadcrumb\":{\"@id\":\"https:\/\/medialunaspoint.com.ar\/#breadcrumb\"},\"inLanguage\":\"es-AR\",\"potentialAction\":[{\"@type\":\"ReadAction\",\"target\":[\"https:\/\/medialunaspoint.com.ar\/\"]}]},{\"@type\":\"ImageObject\",\"inLanguage\":\"es-AR\",\"@id\":\"https:\/\/medialunaspoint.com.ar\/#primaryimage\",\"url\":\"https:\/\/medialunaspoint.com.ar\/wp-content\/uploads\/2024\/08\/banner2-1.png\",\"contentUrl\":\"https:\/\/medialunaspoint.com.ar\/wp-content\/uploads\/2024\/08\/banner2-1.png\",\"width\":761,\"height\":747},{\"@type\":\"BreadcrumbList\",\"@id\":\"https:\/\/medialunaspoint.com.ar\/#breadcrumb\",\"itemListElement\":[{\"@type\":\"ListItem\",\"position\":1,\"name\":\"Inicio\",\"item\":\"https:\/\/medialunaspoint.com.ar\/\"},{\"@type\":\"ListItem\",\"position\":2,\"name\":\"HOME2\"}]},{\"@type\":\"WebSite\",\"@id\":\"https:\/\/medialunaspoint.com.ar\/#website\",\"url\":\"https:\/\/medialunaspoint.com.ar\/\",\"name\":\"Medialunas Point\",\"description\":\"Somos Dulce y Salado\",\"publisher\":{\"@id\":\"https:\/\/medialunaspoint.com.ar\/#organization\"},\"potentialAction\":[{\"@type\":\"SearchAction\",\"target\":{\"@type\":\"EntryPoint\",\"urlTemplate\":\"https:\/\/medialunaspoint.com.ar\/?s={search_term_string}\"},\"query-input\":{\"@type\":\"PropertyValueSpecification\",\"valueRequired\":true,\"valueName\":\"search_term_string\"}}],\"inLanguage\":\"es-AR\"},{\"@type\":\"Organization\",\"@id\":\"https:\/\/medialunaspoint.com.ar\/#organization\",\"name\":\"Medialunas Point\",\"url\":\"https:\/\/medialunaspoint.com.ar\/\",\"logo\":{\"@type\":\"ImageObject\",\"inLanguage\":\"es-AR\",\"@id\":\"https:\/\/medialunaspoint.com.ar\/#\/schema\/logo\/image\/\",\"url\":\"https:\/\/medialunaspoint.com.ar\/wp-content\/uploads\/2021\/03\/cropped-Logotipo-02-1.png\",\"contentUrl\":\"https:\/\/medialunaspoint.com.ar\/wp-content\/uploads\/2021\/03\/cropped-Logotipo-02-1.png\",\"width\":450,\"height\":200,\"caption\":\"Medialunas Point\"},\"image\":{\"@id\":\"https:\/\/medialunaspoint.com.ar\/#\/schema\/logo\/image\/\"}}]}<\/script>\n<!-- \/ Yoast SEO plugin. -->","yoast_head_json":{"title":"HOME2 - Medialunas Point","robots":{"index":"index","follow":"follow","max-snippet":"max-snippet:-1","max-image-preview":"max-image-preview:large","max-video-preview":"max-video-preview:-1"},"canonical":"https:\/\/medialunaspoint.com.ar\/","og_locale":"es_ES","og_type":"article","og_title":"HOME2 - Medialunas Point","og_description":"Un proyecto familiar acompa\u00f1ado de grandes amigos Un proyecto familiar Acompa\u00f1ado de grandes amigos Desde hace muchos a\u00f1os que trabajamos en el mundo gastron\u00f3mico y llego el momentoreinventarnos.Proponemos una panaderia y confiteria totalmente contempor\u00e1nea y moderna ateni\u00e9ndonosa nuestras tradiciones bien argentinas y tradicionales.Tenemos en cuenta a nuestro publico y estamos atentos al contexto que nos [&hellip;]","og_url":"https:\/\/medialunaspoint.com.ar\/","og_site_name":"Medialunas Point","article_modified_time":"2025-02-11T14:24:07+00:00","og_image":[{"width":761,"height":747,"url":"https:\/\/medialunaspoint.com.ar\/wp-content\/uploads\/2024\/08\/banner2-1.png","type":"image\/png"}],"twitter_card":"summary_large_image","twitter_misc":{"Tiempo de lectura":"2 minutos"},"schema":{"@context":"https:\/\/schema.org","@graph":[{"@type":"WebPage","@id":"https:\/\/medialunaspoint.com.ar\/","url":"https:\/\/medialunaspoint.com.ar\/","name":"HOME2 - Medialunas Point","isPartOf":{"@id":"https:\/\/medialunaspoint.com.ar\/#website"},"primaryImageOfPage":{"@id":"https:\/\/medialunaspoint.com.ar\/#primaryimage"},"image":{"@id":"https:\/\/medialunaspoint.com.ar\/#primaryimage"},"thumbnailUrl":"https:\/\/medialunaspoint.com.ar\/wp-content\/uploads\/2024\/08\/banner2-1.png","datePublished":"2024-08-13T21:05:25+00:00","dateModified":"2025-02-11T14:24:07+00:00","breadcrumb":{"@id":"https:\/\/medialunaspoint.com.ar\/#breadcrumb"},"inLanguage":"es-AR","potentialAction":[{"@type":"ReadAction","target":["https:\/\/medialunaspoint.com.ar\/"]}]},{"@type":"ImageObject","inLanguage":"es-AR","@id":"https:\/\/medialunaspoint.com.ar\/#primaryimage","url":"https:\/\/medialunaspoint.com.ar\/wp-content\/uploads\/2024\/08\/banner2-1.png","contentUrl":"https:\/\/medialunaspoint.com.ar\/wp-content\/uploads\/2024\/08\/banner2-1.png","width":761,"height":747},{"@type":"BreadcrumbList","@id":"https:\/\/medialunaspoint.com.ar\/#breadcrumb","itemListElement":[{"@type":"ListItem","position":1,"name":"Inicio","item":"https:\/\/medialunaspoint.com.ar\/"},{"@type":"ListItem","position":2,"name":"HOME2"}]},{"@type":"WebSite","@id":"https:\/\/medialunaspoint.com.ar\/#website","url":"https:\/\/medialunaspoint.com.ar\/","name":"Medialunas Point","description":"Somos Dulce y Salado","publisher":{"@id":"https:\/\/medialunaspoint.com.ar\/#organization"},"potentialAction":[{"@type":"SearchAction","target":{"@type":"EntryPoint","urlTemplate":"https:\/\/medialunaspoint.com.ar\/?s={search_term_string}"},"query-input":{"@type":"PropertyValueSpecification","valueRequired":true,"valueName":"search_term_string"}}],"inLanguage":"es-AR"},{"@type":"Organization","@id":"https:\/\/medialunaspoint.com.ar\/#organization","name":"Medialunas Point","url":"https:\/\/medialunaspoint.com.ar\/","logo":{"@type":"ImageObject","inLanguage":"es-AR","@id":"https:\/\/medialunaspoint.com.ar\/#\/schema\/logo\/image\/","url":"https:\/\/medialunaspoint.com.ar\/wp-content\/uploads\/2021\/03\/cropped-Logotipo-02-1.png","contentUrl":"https:\/\/medialunaspoint.com.ar\/wp-content\/uploads\/2021\/03\/cropped-Logotipo-02-1.png","width":450,"height":200,"caption":"Medialunas Point"},"image":{"@id":"https:\/\/medialunaspoint.com.ar\/#\/schema\/logo\/image\/"}}]}},"_links":{"self":[{"href":"https:\/\/medialunaspoint.com.ar\/index.php?rest_route=\/wp\/v2\/pages\/1537","targetHints":{"allow":["GET"]}}],"collection":[{"href":"https:\/\/medialunaspoint.com.ar\/index.php?rest_route=\/wp\/v2\/pages"}],"about":[{"href":"https:\/\/medialunaspoint.com.ar\/index.php?rest_route=\/wp\/v2\/types\/page"}],"author":[{"embeddable":true,"href":"https:\/\/medialunaspoint.com.ar\/index.php?rest_route=\/wp\/v2\/users\/1"}],"replies":[{"embeddable":true,"href":"https:\/\/medialunaspoint.com.ar\/index.php?rest_route=%2Fwp%2Fv2%2Fcomments&post=1537"}],"version-history":[{"count":220,"href":"https:\/\/medialunaspoint.com.ar\/index.php?rest_route=\/wp\/v2\/pages\/1537\/revisions"}],"predecessor-version":[{"id":2390,"href":"https:\/\/medialunaspoint.com.ar\/index.php?rest_route=\/wp\/v2\/pages\/1537\/revisions\/2390"}],"wp:attachment":[{"href":"https:\/\/medialunaspoint.com.ar\/index.php?rest_route=%2Fwp%2Fv2%2Fmedia&parent=1537"}],"curies":[{"name":"wp","href":"https:\/\/api.w.org\/{rel}","templated":true}]}}